{"id":2,"date":"2025-03-12T23:05:35","date_gmt":"2025-03-12T23:05:35","guid":{"rendered":"https:\/\/projects.lualab.com\/cartografiademedios\/?page_id=2"},"modified":"2025-03-12T23:20:18","modified_gmt":"2025-03-12T23:20:18","slug":"sample-page","status":"publish","type":"page","link":"https:\/\/projects.lualab.com\/cartografiademedios\/sample-page\/","title":{"rendered":"Cartograf\u00eda de medios de difusi\u00f3n para las artes esc\u00e9nicas"},"content":{"rendered":"\n<!-- FontAwesome para iconos de redes sociales -->\n<link rel=\"stylesheet\" href=\"https:\/\/cdnjs.cloudflare.com\/ajax\/libs\/font-awesome\/6.4.2\/css\/all.min.css\">\n\n<!-- Agregar Leaflet CSS -->\n<link rel=\"stylesheet\" href=\"https:\/\/unpkg.com\/leaflet@1.9.4\/dist\/leaflet.css\" crossorigin=\"\"\/>\n\n<!-- Agregar Leaflet JS -->\n<script src=\"https:\/\/unpkg.com\/leaflet@1.9.4\/dist\/leaflet.js\" crossorigin=\"\"><\/script>\n\n<!-- Contenedor del mapa -->\n<div id=\"miMapa\" style=\"width: 100%; height: 500px;\"><\/div>\n","protected":false},"excerpt":{"rendered":"","protected":false},"author":1,"featured_media":0,"parent":0,"menu_order":0,"comment_status":"closed","ping_status":"open","template":"","meta":{"pagelayer_contact_templates":[],"_pagelayer_content":"","footnotes":""},"class_list":["post-2","page","type-page","status-publish","hentry"],"_links":{"self":[{"href":"https:\/\/projects.lualab.com\/cartografiademedios\/wp-json\/wp\/v2\/pages\/2","targetHints":{"allow":["GET"]}}],"collection":[{"href":"https:\/\/projects.lualab.com\/cartografiademedios\/wp-json\/wp\/v2\/pages"}],"about":[{"href":"https:\/\/projects.lualab.com\/cartografiademedios\/wp-json\/wp\/v2\/types\/page"}],"author":[{"embeddable":true,"href":"https:\/\/projects.lualab.com\/cartografiademedios\/wp-json\/wp\/v2\/users\/1"}],"replies":[{"embeddable":true,"href":"https:\/\/projects.lualab.com\/cartografiademedios\/wp-json\/wp\/v2\/comments?post=2"}],"version-history":[{"count":1,"href":"https:\/\/projects.lualab.com\/cartografiademedios\/wp-json\/wp\/v2\/pages\/2\/revisions"}],"predecessor-version":[{"id":9,"href":"https:\/\/projects.lualab.com\/cartografiademedios\/wp-json\/wp\/v2\/pages\/2\/revisions\/9"}],"wp:attachment":[{"href":"https:\/\/projects.lualab.com\/cartografiademedios\/wp-json\/wp\/v2\/media?parent=2"}],"curies":[{"name":"wp","href":"https:\/\/api.w.org\/{rel}","templated":true}]}}